{"id":3575,"date":"2021-01-14T15:10:54","date_gmt":"2021-01-14T15:10:54","guid":{"rendered":"http:\/\/gpsites.co\/shop\/?page_id=3575"},"modified":"2023-10-18T04:41:25","modified_gmt":"2023-10-18T04:41:25","slug":"home","status":"publish","type":"page","link":"https:\/\/feliciaguerra.com\/","title":{"rendered":"Home"},"content":{"rendered":"<div class=\"gb-container gb-container-d24537ad\">\n<div class=\"gb-container gb-container-6d9ee7ab\">\n<div class=\"gb-container gb-container-394c8ccd\">\n\n<p><\/p>\n\n<\/div>\n\n\n<h1 class=\"gb-headline gb-headline-9f6dd28a gb-headline-text\"><strong>Su pincel es su voz, <\/strong><\/h1>\n\n\n\n<h1 class=\"gb-headline gb-headline-7a014e18 gb-headline-text\"><strong>y en cada trazo, <\/strong><\/h1>\n\n\n\n<h1 class=\"gb-headline gb-headline-a63d64b5 gb-headline-text\"><strong>una historia de creatividad que inspira<\/strong><\/h1>\n\n\n\n<p class=\"has-5-d-3-f-40-color has-text-color\"> <\/p>\n\n\n\n<div class=\"wp-block-group\"><div class=\"wp-block-group__inner-container is-layout-constrained wp-block-group-is-layout-constrained\">\n<div class=\"wp-block-buttons alignwide is-content-justification-center is-layout-flex wp-container-core-buttons-is-layout-16018d1d wp-block-buttons-is-layout-flex\"><\/div>\n<\/div><\/div>\n\n<\/div>\n<\/div>\n\n<div class=\"gb-container gb-container-0ca7772b\">\n<div class=\"gb-container gb-container-aac27c16\">\n<div class=\"gb-container gb-container-1adeee87\">\n\n<figure class=\"wp-block-image size-full\"><img loading=\"lazy\" decoding=\"async\" width=\"710\" height=\"814\" src=\"https:\/\/feliciaguerra.com\/wp-content\/uploads\/2023\/10\/felicia1-1.jpeg\" alt=\"\" class=\"wp-image-4527\" srcset=\"https:\/\/feliciaguerra.com\/wp-content\/uploads\/2023\/10\/felicia1-1.jpeg 710w, https:\/\/feliciaguerra.com\/wp-content\/uploads\/2023\/10\/felicia1-1-262x300.jpeg 262w, https:\/\/feliciaguerra.com\/wp-content\/uploads\/2023\/10\/felicia1-1-600x688.jpeg 600w\" sizes=\"auto, (max-width: 710px) 100vw, 710px\" \/><\/figure>\n\n<\/div>\n\n<div class=\"gb-container gb-container-40b22be2\">\n\n<h2 class=\"gb-headline gb-headline-22d8acd5 gb-headline-text\">Quien es Felicia<\/h2>\n\n\n\n<h2 class=\"wp-block-heading\"><\/h2>\n\n\n\n<p>Felicia, nacida en Chiclayo, Per\u00fa, es una artista vers\u00e1til en pintura y manualidades.<\/p>\n\n\n\n<p>Su amor por el arte comenz\u00f3 en su infancia, inspirada por su padre, un aficionado pintor de carboncillo.<\/p>\n\n\n\n<p>Actualmente, reside en Lima, donde contin\u00faa desarrollando su talento art\u00edstico y creando hermosas obras que reflejan su pasi\u00f3n y creatividad.<\/p>\n\n<\/div>\n<\/div>\n<\/div>\n\n<div class=\"gb-container gb-container-ee645fec\">\n<div class=\"gb-container gb-container-d1d7606b\">\n\n<p class=\"gb-headline gb-headline-9a52b05e gb-headline-text\"><strong>trabajos<\/strong><\/p>\n\n<\/div>\n\n<div class=\"gb-container gb-container-e38dc08f\">\n\n<div class=\"gb-grid-wrapper gb-grid-wrapper-9e022e42 gb-query-loop-wrapper\">\n<div class=\"gb-grid-column gb-grid-column-86a9a51b gb-query-loop-item post-4651 post type-post status-publish format-standard has-post-thumbnail hentry category-blog category-pinturas-en-oleo generate-columns tablet-grid-50 mobile-grid-100 grid-parent grid-50\"><div class=\"gb-container gb-container-86a9a51b\">\n<figure class=\"gb-block-image gb-block-image-5ef499f1\"><img loading=\"lazy\" decoding=\"async\" width=\"813\" height=\"1077\" src=\"https:\/\/feliciaguerra.com\/wp-content\/uploads\/2023\/10\/pajaro.jpeg\" class=\"gb-image-5ef499f1\" alt=\"\" srcset=\"https:\/\/feliciaguerra.com\/wp-content\/uploads\/2023\/10\/pajaro.jpeg 813w, https:\/\/feliciaguerra.com\/wp-content\/uploads\/2023\/10\/pajaro-226x300.jpeg 226w, https:\/\/feliciaguerra.com\/wp-content\/uploads\/2023\/10\/pajaro-773x1024.jpeg 773w, https:\/\/feliciaguerra.com\/wp-content\/uploads\/2023\/10\/pajaro-768x1017.jpeg 768w, https:\/\/feliciaguerra.com\/wp-content\/uploads\/2023\/10\/pajaro-600x795.jpeg 600w\" sizes=\"auto, (max-width: 813px) 100vw, 813px\" \/><\/figure>\n\n<h2 class=\"gb-headline gb-headline-8dc3426c gb-headline-text\"><a href=\"https:\/\/feliciaguerra.com\/index.php\/2023\/10\/18\/pajaro\/\">Pajaro<\/a><\/h2>\n\n<p class=\"gb-headline gb-headline-177f8c31 gb-headline-text\"><time class=\"entry-date published\" datetime=\"\"><\/time><\/p>\n<\/div><\/div>\n\n<div class=\"gb-grid-column gb-grid-column-86a9a51b gb-query-loop-item post-4648 post type-post status-publish format-standard has-post-thumbnail hentry category-blog category-pinturas-en-oleo generate-columns tablet-grid-50 mobile-grid-100 grid-parent grid-50\"><div class=\"gb-container gb-container-86a9a51b\">\n<figure class=\"gb-block-image gb-block-image-5ef499f1\"><img loading=\"lazy\" decoding=\"async\" width=\"616\" height=\"641\" src=\"https:\/\/feliciaguerra.com\/wp-content\/uploads\/2023\/10\/carlos.jpeg\" class=\"gb-image-5ef499f1\" alt=\"\" srcset=\"https:\/\/feliciaguerra.com\/wp-content\/uploads\/2023\/10\/carlos.jpeg 616w, https:\/\/feliciaguerra.com\/wp-content\/uploads\/2023\/10\/carlos-288x300.jpeg 288w, https:\/\/feliciaguerra.com\/wp-content\/uploads\/2023\/10\/carlos-600x624.jpeg 600w\" sizes=\"auto, (max-width: 616px) 100vw, 616px\" \/><\/figure>\n\n<h2 class=\"gb-headline gb-headline-8dc3426c gb-headline-text\"><a href=\"https:\/\/feliciaguerra.com\/index.php\/2023\/10\/18\/hijo\/\">Hijo<\/a><\/h2>\n\n<p class=\"gb-headline gb-headline-177f8c31 gb-headline-text\"><time class=\"entry-date published\" datetime=\"\"><\/time><\/p>\n<\/div><\/div>\n\n<div class=\"gb-grid-column gb-grid-column-86a9a51b gb-query-loop-item post-4645 post type-post status-publish format-standard has-post-thumbnail hentry category-blog category-pinturas-en-oleo generate-columns tablet-grid-50 mobile-grid-100 grid-parent grid-50\"><div class=\"gb-container gb-container-86a9a51b\">\n<figure class=\"gb-block-image gb-block-image-5ef499f1\"><img loading=\"lazy\" decoding=\"async\" width=\"780\" height=\"884\" src=\"https:\/\/feliciaguerra.com\/wp-content\/uploads\/2023\/10\/mujer.jpeg\" class=\"gb-image-5ef499f1\" alt=\"\" srcset=\"https:\/\/feliciaguerra.com\/wp-content\/uploads\/2023\/10\/mujer.jpeg 780w, https:\/\/feliciaguerra.com\/wp-content\/uploads\/2023\/10\/mujer-265x300.jpeg 265w, https:\/\/feliciaguerra.com\/wp-content\/uploads\/2023\/10\/mujer-768x870.jpeg 768w, https:\/\/feliciaguerra.com\/wp-content\/uploads\/2023\/10\/mujer-600x680.jpeg 600w\" sizes=\"auto, (max-width: 780px) 100vw, 780px\" \/><\/figure>\n\n<h2 class=\"gb-headline gb-headline-8dc3426c gb-headline-text\"><a href=\"https:\/\/feliciaguerra.com\/index.php\/2023\/10\/18\/mujer\/\">Mujer<\/a><\/h2>\n\n<p class=\"gb-headline gb-headline-177f8c31 gb-headline-text\"><time class=\"entry-date published\" datetime=\"\"><\/time><\/p>\n<\/div><\/div>\n\n<div class=\"gb-grid-column gb-grid-column-86a9a51b gb-query-loop-item post-4642 post type-post status-publish format-standard has-post-thumbnail hentry category-blog category-pinturas-en-oleo generate-columns tablet-grid-50 mobile-grid-100 grid-parent grid-50\"><div class=\"gb-container gb-container-86a9a51b\">\n<figure class=\"gb-block-image gb-block-image-5ef499f1\"><img loading=\"lazy\" decoding=\"async\" width=\"980\" height=\"742\" src=\"https:\/\/feliciaguerra.com\/wp-content\/uploads\/2023\/10\/manzana.jpeg\" class=\"gb-image-5ef499f1\" alt=\"\" srcset=\"https:\/\/feliciaguerra.com\/wp-content\/uploads\/2023\/10\/manzana.jpeg 980w, https:\/\/feliciaguerra.com\/wp-content\/uploads\/2023\/10\/manzana-300x227.jpeg 300w, https:\/\/feliciaguerra.com\/wp-content\/uploads\/2023\/10\/manzana-768x581.jpeg 768w, https:\/\/feliciaguerra.com\/wp-content\/uploads\/2023\/10\/manzana-600x454.jpeg 600w\" sizes=\"auto, (max-width: 980px) 100vw, 980px\" \/><\/figure>\n\n<h2 class=\"gb-headline gb-headline-8dc3426c gb-headline-text\"><a href=\"https:\/\/feliciaguerra.com\/index.php\/2023\/10\/18\/manzana\/\">Manzana<\/a><\/h2>\n\n<p class=\"gb-headline gb-headline-177f8c31 gb-headline-text\"><time class=\"entry-date published\" datetime=\"\"><\/time><\/p>\n<\/div><\/div>\n\n<div class=\"gb-grid-column gb-grid-column-86a9a51b gb-query-loop-item post-4639 post type-post status-publish format-standard has-post-thumbnail hentry category-blog category-pinturas-en-oleo generate-columns tablet-grid-50 mobile-grid-100 grid-parent grid-50\"><div class=\"gb-container gb-container-86a9a51b\">\n<figure class=\"gb-block-image gb-block-image-5ef499f1\"><img loading=\"lazy\" decoding=\"async\" width=\"742\" height=\"880\" src=\"https:\/\/feliciaguerra.com\/wp-content\/uploads\/2023\/10\/azucenas.jpeg\" class=\"gb-image-5ef499f1\" alt=\"\" srcset=\"https:\/\/feliciaguerra.com\/wp-content\/uploads\/2023\/10\/azucenas.jpeg 742w, https:\/\/feliciaguerra.com\/wp-content\/uploads\/2023\/10\/azucenas-253x300.jpeg 253w, https:\/\/feliciaguerra.com\/wp-content\/uploads\/2023\/10\/azucenas-600x712.jpeg 600w\" sizes=\"auto, (max-width: 742px) 100vw, 742px\" \/><\/figure>\n\n<h2 class=\"gb-headline gb-headline-8dc3426c gb-headline-text\"><a href=\"https:\/\/feliciaguerra.com\/index.php\/2023\/10\/18\/azucenas\/\">Azucenas<\/a><\/h2>\n\n<p class=\"gb-headline gb-headline-177f8c31 gb-headline-text\"><time class=\"entry-date published\" datetime=\"\"><\/time><\/p>\n<\/div><\/div>\n\n<div class=\"gb-grid-column gb-grid-column-86a9a51b gb-query-loop-item post-4636 post type-post status-publish format-standard has-post-thumbnail hentry category-blog category-pinturas-en-oleo generate-columns tablet-grid-50 mobile-grid-100 grid-parent grid-50\"><div class=\"gb-container gb-container-86a9a51b\">\n<figure class=\"gb-block-image gb-block-image-5ef499f1\"><img loading=\"lazy\" decoding=\"async\" width=\"564\" height=\"821\" src=\"https:\/\/feliciaguerra.com\/wp-content\/uploads\/2023\/10\/orquidea.jpeg\" class=\"gb-image-5ef499f1\" alt=\"\" srcset=\"https:\/\/feliciaguerra.com\/wp-content\/uploads\/2023\/10\/orquidea.jpeg 564w, https:\/\/feliciaguerra.com\/wp-content\/uploads\/2023\/10\/orquidea-206x300.jpeg 206w\" sizes=\"auto, (max-width: 564px) 100vw, 564px\" \/><\/figure>\n\n<h2 class=\"gb-headline gb-headline-8dc3426c gb-headline-text\"><a href=\"https:\/\/feliciaguerra.com\/index.php\/2023\/10\/18\/orquidea\/\">Orquidea<\/a><\/h2>\n\n<p class=\"gb-headline gb-headline-177f8c31 gb-headline-text\"><time class=\"entry-date published\" datetime=\"\"><\/time><\/p>\n<\/div><\/div>\n\n<div class=\"gb-grid-column gb-grid-column-86a9a51b gb-query-loop-item post-4633 post type-post status-publish format-standard has-post-thumbnail hentry category-blog category-pinturas-en-oleo generate-columns tablet-grid-50 mobile-grid-100 grid-parent grid-50\"><div class=\"gb-container gb-container-86a9a51b\">\n<figure class=\"gb-block-image gb-block-image-5ef499f1\"><img loading=\"lazy\" decoding=\"async\" width=\"1237\" height=\"1670\" src=\"https:\/\/feliciaguerra.com\/wp-content\/uploads\/2023\/10\/perritos.jpeg\" class=\"gb-image-5ef499f1\" alt=\"\" srcset=\"https:\/\/feliciaguerra.com\/wp-content\/uploads\/2023\/10\/perritos.jpeg 1237w, https:\/\/feliciaguerra.com\/wp-content\/uploads\/2023\/10\/perritos-222x300.jpeg 222w, https:\/\/feliciaguerra.com\/wp-content\/uploads\/2023\/10\/perritos-758x1024.jpeg 758w, https:\/\/feliciaguerra.com\/wp-content\/uploads\/2023\/10\/perritos-768x1037.jpeg 768w, https:\/\/feliciaguerra.com\/wp-content\/uploads\/2023\/10\/perritos-1138x1536.jpeg 1138w, https:\/\/feliciaguerra.com\/wp-content\/uploads\/2023\/10\/perritos-600x810.jpeg 600w\" sizes=\"auto, (max-width: 1237px) 100vw, 1237px\" \/><\/figure>\n\n<h2 class=\"gb-headline gb-headline-8dc3426c gb-headline-text\"><a href=\"https:\/\/feliciaguerra.com\/index.php\/2023\/10\/18\/perritos\/\">Perritos<\/a><\/h2>\n\n<p class=\"gb-headline gb-headline-177f8c31 gb-headline-text\"><time class=\"entry-date published\" datetime=\"\"><\/time><\/p>\n<\/div><\/div>\n\n<div class=\"gb-grid-column gb-grid-column-86a9a51b gb-query-loop-item post-4629 post type-post status-publish format-standard has-post-thumbnail hentry category-blog category-pinturas-en-oleo generate-columns tablet-grid-50 mobile-grid-100 grid-parent grid-50\"><div class=\"gb-container gb-container-86a9a51b\">\n<figure class=\"gb-block-image gb-block-image-5ef499f1\"><img loading=\"lazy\" decoding=\"async\" width=\"957\" height=\"721\" src=\"https:\/\/feliciaguerra.com\/wp-content\/uploads\/2023\/10\/casa-del-lago.jpeg\" class=\"gb-image-5ef499f1\" alt=\"\" srcset=\"https:\/\/feliciaguerra.com\/wp-content\/uploads\/2023\/10\/casa-del-lago.jpeg 957w, https:\/\/feliciaguerra.com\/wp-content\/uploads\/2023\/10\/casa-del-lago-300x226.jpeg 300w, https:\/\/feliciaguerra.com\/wp-content\/uploads\/2023\/10\/casa-del-lago-768x579.jpeg 768w, https:\/\/feliciaguerra.com\/wp-content\/uploads\/2023\/10\/casa-del-lago-600x452.jpeg 600w\" sizes=\"auto, (max-width: 957px) 100vw, 957px\" \/><\/figure>\n\n<h2 class=\"gb-headline gb-headline-8dc3426c gb-headline-text\"><a href=\"https:\/\/feliciaguerra.com\/index.php\/2023\/10\/18\/casa-del-lago\/\">Casa del lago<\/a><\/h2>\n\n<p class=\"gb-headline gb-headline-177f8c31 gb-headline-text\"><time class=\"entry-date published\" datetime=\"\"><\/time><\/p>\n<\/div><\/div>\n\n<div class=\"gb-grid-column gb-grid-column-86a9a51b gb-query-loop-item post-4623 post type-post status-publish format-standard has-post-thumbnail hentry category-blog category-pinturas-en-oleo generate-columns tablet-grid-50 mobile-grid-100 grid-parent grid-50\"><div class=\"gb-container gb-container-86a9a51b\">\n<figure class=\"gb-block-image gb-block-image-5ef499f1\"><img loading=\"lazy\" decoding=\"async\" width=\"576\" height=\"1024\" src=\"https:\/\/feliciaguerra.com\/wp-content\/uploads\/2023\/10\/caballo-blanco-1.jpeg\" class=\"gb-image-5ef499f1\" alt=\"\" srcset=\"https:\/\/feliciaguerra.com\/wp-content\/uploads\/2023\/10\/caballo-blanco-1.jpeg 576w, https:\/\/feliciaguerra.com\/wp-content\/uploads\/2023\/10\/caballo-blanco-1-169x300.jpeg 169w\" sizes=\"auto, (max-width: 576px) 100vw, 576px\" \/><\/figure>\n\n<h2 class=\"gb-headline gb-headline-8dc3426c gb-headline-text\"><a href=\"https:\/\/feliciaguerra.com\/index.php\/2023\/10\/18\/caballo-indomable\/\">Caballo indomable<\/a><\/h2>\n\n<p class=\"gb-headline gb-headline-177f8c31 gb-headline-text\"><time class=\"entry-date published\" datetime=\"\"><\/time><\/p>\n<\/div><\/div>\n\n<div class=\"gb-grid-column gb-grid-column-86a9a51b gb-query-loop-item post-4620 post type-post status-publish format-standard has-post-thumbnail hentry category-blog category-pinturas-en-oleo generate-columns tablet-grid-50 mobile-grid-100 grid-parent grid-50\"><div class=\"gb-container gb-container-86a9a51b\">\n<figure class=\"gb-block-image gb-block-image-5ef499f1\"><img loading=\"lazy\" decoding=\"async\" width=\"1594\" height=\"1222\" src=\"https:\/\/feliciaguerra.com\/wp-content\/uploads\/2023\/10\/casa-3607.jpeg\" class=\"gb-image-5ef499f1\" alt=\"\" srcset=\"https:\/\/feliciaguerra.com\/wp-content\/uploads\/2023\/10\/casa-3607.jpeg 1594w, https:\/\/feliciaguerra.com\/wp-content\/uploads\/2023\/10\/casa-3607-300x230.jpeg 300w, https:\/\/feliciaguerra.com\/wp-content\/uploads\/2023\/10\/casa-3607-1024x785.jpeg 1024w, https:\/\/feliciaguerra.com\/wp-content\/uploads\/2023\/10\/casa-3607-768x589.jpeg 768w, https:\/\/feliciaguerra.com\/wp-content\/uploads\/2023\/10\/casa-3607-1536x1178.jpeg 1536w, https:\/\/feliciaguerra.com\/wp-content\/uploads\/2023\/10\/casa-3607-600x460.jpeg 600w\" sizes=\"auto, (max-width: 1594px) 100vw, 1594px\" \/><\/figure>\n\n<h2 class=\"gb-headline gb-headline-8dc3426c gb-headline-text\"><a href=\"https:\/\/feliciaguerra.com\/index.php\/2023\/10\/18\/casa-3607\/\">Casa 3607<\/a><\/h2>\n\n<p class=\"gb-headline gb-headline-177f8c31 gb-headline-text\"><time class=\"entry-date published\" datetime=\"\"><\/time><\/p>\n<\/div><\/div>\n<\/div>\n\n<\/div>\n<\/div>","protected":false},"excerpt":{"rendered":"<p>Su pincel es su voz, y en cada trazo, una historia de creatividad que inspira Quien es Felicia Felicia, &#8230; <\/p>\n<p class=\"read-more-container\"><a title=\"Home\" class=\"read-more button\" href=\"https:\/\/feliciaguerra.com\/#more-3575\" aria-label=\"M\u00e1s en Home\">Leer m\u00e1s<\/a><\/p>\n","protected":false},"author":1,"featured_media":0,"parent":0,"menu_order":0,"comment_status":"closed","ping_status":"closed","template":"","meta":{"footnotes":""},"class_list":["post-3575","page","type-page","status-publish"],"aioseo_notices":[],"_links":{"self":[{"href":"https:\/\/feliciaguerra.com\/index.php\/wp-json\/wp\/v2\/pages\/3575","targetHints":{"allow":["GET"]}}],"collection":[{"href":"https:\/\/feliciaguerra.com\/index.php\/wp-json\/wp\/v2\/pages"}],"about":[{"href":"https:\/\/feliciaguerra.com\/index.php\/wp-json\/wp\/v2\/types\/page"}],"author":[{"embeddable":true,"href":"https:\/\/feliciaguerra.com\/index.php\/wp-json\/wp\/v2\/users\/1"}],"replies":[{"embeddable":true,"href":"https:\/\/feliciaguerra.com\/index.php\/wp-json\/wp\/v2\/comments?post=3575"}],"version-history":[{"count":19,"href":"https:\/\/feliciaguerra.com\/index.php\/wp-json\/wp\/v2\/pages\/3575\/revisions"}],"predecessor-version":[{"id":4610,"href":"https:\/\/feliciaguerra.com\/index.php\/wp-json\/wp\/v2\/pages\/3575\/revisions\/4610"}],"wp:attachment":[{"href":"https:\/\/feliciaguerra.com\/index.php\/wp-json\/wp\/v2\/media?parent=3575"}],"curies":[{"name":"wp","href":"https:\/\/api.w.org\/{rel}","templated":true}]}}